{"id":1268,"date":"2020-04-23T09:05:23","date_gmt":"2020-04-23T09:05:23","guid":{"rendered":"http:\/\/estudiocarmenbueno.com\/?page_id=1268"},"modified":"2026-02-05T11:31:09","modified_gmt":"2026-02-05T11:31:09","slug":"legal","status":"publish","type":"page","link":"https:\/\/estudiocarmenbueno.com\/en\/legal\/","title":{"rendered":"Legal notice"},"content":{"rendered":"<div data-elementor-type=\"wp-page\" data-elementor-id=\"1268\" class=\"elementor elementor-1268\" data-elementor-post-type=\"page\">\n\t\t\t\t\t\t<section class=\"elementor-section elementor-top-section elementor-element elementor-element-bc3ea61 elementor-section-boxed elementor-section-height-default elementor-section-height-default\" data-id=\"bc3ea61\" data-element_type=\"section\">\n\t\t\t\t\t\t<div class=\"elementor-container elementor-column-gap-default\">\n\t\t\t\t\t<div class=\"elementor-column elementor-col-100 elementor-top-column elementor-element elementor-element-5d713cf\" data-id=\"5d713cf\" data-element_type=\"column\">\n\t\t\t<div class=\"elementor-widget-wrap elementor-element-populated\">\n\t\t\t\t\t\t<div class=\"elementor-element elementor-element-f3895c2 elementor-widget elementor-widget-heading\" data-id=\"f3895c2\" data-element_type=\"widget\" data-widget_type=\"heading.default\">\n\t\t\t\t<div class=\"elementor-widget-container\">\n\t\t\t\t\t<h2 class=\"elementor-heading-title elementor-size-default\">Legal notice and terms of use<\/h2>\t\t\t\t<\/div>\n\t\t\t\t<\/div>\n\t\t\t\t<div class=\"elementor-element elementor-element-e12d549 elementor-widget elementor-widget-text-editor\" data-id=\"e12d549\" data-element_type=\"widget\" data-widget_type=\"text-editor.default\">\n\t\t\t\t<div class=\"elementor-widget-container\">\n\t\t\t\t\t\t\t\t\t<p>In this space, the USER can find all the information related to the legal terms and conditions that define the relationship between users and us as the controllers of this website. As a user, it is important that you understand these terms before continuing to browse. As the controller of this website, we undertake to process the information of our users and clients with full guarantees and to comply with national and European requirements that regulate the collection and use of our users&#039; personal data. This website, therefore, strictly complies with the GDPR (REGULATION (EU) 2016\/679 on data protection) and the LSSI-CE (Spanish Data Protection Law), Law 34\/2002, of July 11, on information society services and electronic commerce.<\/p><p><strong>General conditions of use<\/strong><\/p><p>These General Conditions regulate the use (including mere access) of the web pages comprising the website, including the content and services made available therein. Any person accessing the website (&quot;User&quot;) agrees to be bound by the General Conditions in force at any given time on the portal. <a href=\"https:\/\/estudiocarmenbueno.com\/en\/\">estudiocarmenbueno.com<\/a>.<\/p><p><strong>Personal data we collect and how we collect it<\/strong><\/p><p>Read <a href=\"\/en\/privacidad\/\">Privacy Policy.<\/a><\/p><p><strong>Commitments and obligations of users<\/strong><\/p><p>The User is informed and accepts that access to this website does not, in any way, constitute the beginning of a commercial relationship with . Therefore, the User agrees to use the Website, its services, and content without violating current legislation, good faith, or public order.<\/p><p>The use of the website for illegal or harmful purposes, or in any way that may cause harm or impede the normal operation of the website, is prohibited. Regarding the content of this website, the following are prohibited: Reproduction, distribution, or modification, in whole or in part, unless authorized by its legitimate owners; Any violation of the rights of the provider or the legitimate owners; Use for commercial or advertising purposes.<\/p><p>When using the website, <a href=\"https:\/\/estudiocarmenbueno.com\/en\/\">estudiocarmenbueno.com<\/a>, the User agrees not to engage in any conduct that could damage the image, interests, or rights of any third party, or that could damage, disable, or overload the portal (specify domain), or that could in any way impede normal use of the website. However, the User must be aware that the security measures for computer systems on the Internet are not entirely reliable and, therefore, cannot guarantee the absence of viruses or other elements that could cause alterations to the User&#039;s computer systems (software and hardware) or to their electronic documents and files contained therein.<\/p><p><strong>Security measures<\/strong><\/p><p>The personal data provided by the user to may be stored in automated or non-automated databases, the ownership of which corresponds exclusively to , which assumes all technical, organizational and security measures that guarantee the confidentiality, integrity and quality of the information contained therein in accordance with the provisions of current data protection regulations.<\/p><p>Communication between users and the website uses a secure channel, and transmitted data is encrypted using HTTPS protocols. Therefore, we guarantee the highest security standards to ensure user confidentiality.<\/p><p><strong>Claims<\/strong><\/p><p>The company informs that complaint forms are available to users and customers. Users may file complaints by requesting a complaint form or by sending an email to <a href=\"mailto:mdc.bueno@gmail.com\">mdc.bueno@gmail.com<\/a> indicating your name and surname, the service and\/or product purchased and explaining the reasons for your claim.<\/p><p>The user\/buyer may notify us of the claim, either by email to: <a href=\"mailto:mdc.bueno@gmail.com\">mdc.bueno@gmail.com<\/a>, if you wish, by attaching the following claim form:<\/p><p>The service\/product:<\/p><p>Acquired on:<\/p><p>Username:<\/p><p>User&#039;s address:<\/p><p>User signature (only if submitted on paper):<\/p><p>Date:<\/p><p>Reason for the claim:<\/p><p><strong>Conflict resolution platform<\/strong><\/p><p>In case you are interested, you can also use the dispute resolution platform provided by the European Commission to submit your claims, which is available at the following link: http:\/\/ec.europa.eu\/consumers\/odr\/<\/p><p><strong>Intellectual and industrial property rights<\/strong><\/p><p>Pursuant to the provisions of Articles 8 and 32.1, second paragraph, of the Intellectual Property Law, the reproduction, distribution, and public communication, including making available, of all or part of the contents of this website for commercial purposes, on any medium and by any technical means, are expressly prohibited without the authorization of the owner or company. The user undertakes to respect the intellectual and industrial property rights held by the company.<\/p><p>The user acknowledges and accepts that the entire website, including but not limited to the text, software, content (including its structure, selection, arrangement, and presentation), podcasts, photographs, audiovisual material, and graphics, is protected by trademarks, copyrights, and other legitimate rights, in accordance with international treaties to which Spain is a party, as well as other property rights and laws of Spain. If a user or third party believes that their legitimate intellectual property rights have been violated by the inclusion of certain content on the website, they must notify us of this circumstance, indicating:<br \/>Personal data of the interested party who owns the allegedly infringed rights, or indicate the representative with whom they act if the claim is filed by a third party other than the interested party.<br \/>Indicate the content protected by intellectual property rights and its location on the website, accreditation of the indicated intellectual property rights, and an express declaration in which the interested party assumes responsibility for the veracity of the information provided in the notification.<\/p><p><strong>External links<\/strong><\/p><p>The pages of this website may provide links to other websites and content owned by third parties. The sole purpose of the links is to provide the User with the opportunity to access said links. is not responsible under any circumstances for any results that may arise for the User from accessing said links.<br \/>Likewise, users will find pages, promotions, and affiliate programs within this site that access users&#039; browsing habits to establish profiles. This information is always anonymous and does not identify the user.<\/p><p>The information provided on these sponsored sites or affiliate links is subject to the privacy policies used on those sites and will not be subject to this privacy policy. Therefore, we strongly encourage users to carefully review the privacy policies of the affiliate links.<\/p><p>The User who intends to establish any technical link device from his website to the portal must obtain prior written authorization from The establishment of the link does not imply in any case the existence of relations between and the owner of the site in which the link is established, nor the acceptance or approval by of its contents or services.<\/p><p><strong>Exclusion of warranties and liability<\/strong><\/p><p>The Provider does not provide any guarantee nor is it responsible, under any circumstances, for damages of any nature that may arise from:<\/p><p>The lack of availability, maintenance and effective operation of the website, or its services and content;<br \/>The existence of viruses, malicious or harmful programs in the contents;<br \/>The illicit, negligent, fraudulent or contrary use of this Legal Notice;<br \/>The lack of legality, quality, reliability, usefulness, and availability of the services provided by third parties and made available to users on the website.<br \/>The provider is not responsible under any circumstances for any damages that may arise from the illegal or improper use of this website.<\/p><p><strong>Applicable law and jurisdiction\u00a0<\/strong><\/p><p>In general, the relations between the Users of its telematic services, present on this website, are subject to Spanish legislation and jurisdiction and to the courts.<\/p><p><strong>Contact<\/strong><\/p><p>Should any User have any questions about these Legal Conditions or any comments about the portal, please contact <a href=\"mailto:mdc.bueno@gmail.com\">mdc.bueno@gmail.com<\/a>.<\/p><p>On behalf of our team, we thank you for taking the time to read this Legal Notice.<\/p>\t\t\t\t\t\t\t\t<\/div>\n\t\t\t\t<\/div>\n\t\t\t\t\t<\/div>\n\t\t<\/div>\n\t\t\t\t\t<\/div>\n\t\t<\/section>\n\t\t\t\t<\/div>","protected":false},"excerpt":{"rendered":"<p>Legal Notice and Terms of Use In this space, the USER can find all the information regarding the legal terms and conditions that define the relationship between users and us, as the party responsible for this website. As a user, it is important that you are familiar with these terms before continuing to browse. As the party responsible for this website, [\u2026]<\/p>","protected":false},"author":2,"featured_media":0,"parent":0,"menu_order":0,"comment_status":"closed","ping_status":"closed","template":"","meta":{"_acf_changed":false,"footnotes":""},"class_list":["post-1268","page","type-page","status-publish","hentry"],"acf":[],"yoast_head":"<!-- This site is optimized with the Yoast SEO plugin v26.9 - https:\/\/yoast.com\/product\/yoast-seo-wordpress\/ -->\n<title>Aviso legal - Estudio Carmen Bueno<\/title>\n<meta name=\"robots\" content=\"noindex, nofollow\" \/>\n<meta property=\"og:locale\" content=\"en_GB\" \/>\n<meta property=\"og:type\" content=\"article\" \/>\n<meta property=\"og:title\" content=\"Aviso legal - Estudio Carmen Bueno\" \/>\n<meta property=\"og:description\" content=\"Aviso legal y t\u00e9rminos de uso En este espacio, el USUARIO, podr\u00e1 encontrar toda la informaci\u00f3n relativa a los t\u00e9rminos y condiciones legales que definen las relaciones entre los usuarios y nosotros como responsables de esta web. Como usuario, es importante que conozcas estos t\u00e9rminos antes de continuar tu navegaci\u00f3n. .Como responsable de esta web, [&hellip;]\" \/>\n<meta property=\"og:url\" content=\"https:\/\/estudiocarmenbueno.com\/en\/legal\/\" \/>\n<meta property=\"og:site_name\" content=\"Estudio Carmen Bueno\" \/>\n<meta property=\"article:modified_time\" content=\"2026-02-05T11:31:09+00:00\" \/>\n<meta name=\"twitter:card\" content=\"summary_large_image\" \/>\n<meta name=\"twitter:label1\" content=\"Estimated reading time\" \/>\n\t<meta name=\"twitter:data1\" content=\"7 minutes\" \/>\n<script type=\"application\/ld+json\" class=\"yoast-schema-graph\">{\"@context\":\"https:\/\/schema.org\",\"@graph\":[{\"@type\":\"WebPage\",\"@id\":\"https:\/\/estudiocarmenbueno.com\/legal\/\",\"url\":\"https:\/\/estudiocarmenbueno.com\/legal\/\",\"name\":\"Aviso legal - Estudio Carmen Bueno\",\"isPartOf\":{\"@id\":\"https:\/\/estudiocarmenbueno.com\/#website\"},\"datePublished\":\"2020-04-23T09:05:23+00:00\",\"dateModified\":\"2026-02-05T11:31:09+00:00\",\"breadcrumb\":{\"@id\":\"https:\/\/estudiocarmenbueno.com\/legal\/#breadcrumb\"},\"inLanguage\":\"en-GB\",\"potentialAction\":[{\"@type\":\"ReadAction\",\"target\":[\"https:\/\/estudiocarmenbueno.com\/legal\/\"]}]},{\"@type\":\"BreadcrumbList\",\"@id\":\"https:\/\/estudiocarmenbueno.com\/legal\/#breadcrumb\",\"itemListElement\":[{\"@type\":\"ListItem\",\"position\":1,\"name\":\"Portada\",\"item\":\"https:\/\/estudiocarmenbueno.com\/\"},{\"@type\":\"ListItem\",\"position\":2,\"name\":\"Aviso legal\"}]},{\"@type\":\"WebSite\",\"@id\":\"https:\/\/estudiocarmenbueno.com\/#website\",\"url\":\"https:\/\/estudiocarmenbueno.com\/\",\"name\":\"Estudio Carmen Bueno\",\"description\":\"\",\"publisher\":{\"@id\":\"https:\/\/estudiocarmenbueno.com\/#organization\"},\"potentialAction\":[{\"@type\":\"SearchAction\",\"target\":{\"@type\":\"EntryPoint\",\"urlTemplate\":\"https:\/\/estudiocarmenbueno.com\/?s={search_term_string}\"},\"query-input\":{\"@type\":\"PropertyValueSpecification\",\"valueRequired\":true,\"valueName\":\"search_term_string\"}}],\"inLanguage\":\"en-GB\"},{\"@type\":\"Organization\",\"@id\":\"https:\/\/estudiocarmenbueno.com\/#organization\",\"name\":\"Estudio Carmen Bueno\",\"url\":\"https:\/\/estudiocarmenbueno.com\/\",\"logo\":{\"@type\":\"ImageObject\",\"inLanguage\":\"en-GB\",\"@id\":\"https:\/\/estudiocarmenbueno.com\/#\/schema\/logo\/image\/\",\"url\":\"https:\/\/estudiocarmenbueno.com\/wp-content\/uploads\/2020\/04\/unnamed.png\",\"contentUrl\":\"https:\/\/estudiocarmenbueno.com\/wp-content\/uploads\/2020\/04\/unnamed.png\",\"width\":863,\"height\":114,\"caption\":\"Estudio Carmen Bueno\"},\"image\":{\"@id\":\"https:\/\/estudiocarmenbueno.com\/#\/schema\/logo\/image\/\"}}]}<\/script>\n<!-- \/ Yoast SEO plugin. -->","yoast_head_json":{"title":"Aviso legal - Estudio Carmen Bueno","robots":{"index":"noindex","follow":"nofollow"},"og_locale":"en_GB","og_type":"article","og_title":"Aviso legal - Estudio Carmen Bueno","og_description":"Aviso legal y t\u00e9rminos de uso En este espacio, el USUARIO, podr\u00e1 encontrar toda la informaci\u00f3n relativa a los t\u00e9rminos y condiciones legales que definen las relaciones entre los usuarios y nosotros como responsables de esta web. Como usuario, es importante que conozcas estos t\u00e9rminos antes de continuar tu navegaci\u00f3n. .Como responsable de esta web, [&hellip;]","og_url":"https:\/\/estudiocarmenbueno.com\/en\/legal\/","og_site_name":"Estudio Carmen Bueno","article_modified_time":"2026-02-05T11:31:09+00:00","twitter_card":"summary_large_image","twitter_misc":{"Estimated reading time":"7 minutes"},"schema":{"@context":"https:\/\/schema.org","@graph":[{"@type":"WebPage","@id":"https:\/\/estudiocarmenbueno.com\/legal\/","url":"https:\/\/estudiocarmenbueno.com\/legal\/","name":"Aviso legal - Estudio Carmen Bueno","isPartOf":{"@id":"https:\/\/estudiocarmenbueno.com\/#website"},"datePublished":"2020-04-23T09:05:23+00:00","dateModified":"2026-02-05T11:31:09+00:00","breadcrumb":{"@id":"https:\/\/estudiocarmenbueno.com\/legal\/#breadcrumb"},"inLanguage":"en-GB","potentialAction":[{"@type":"ReadAction","target":["https:\/\/estudiocarmenbueno.com\/legal\/"]}]},{"@type":"BreadcrumbList","@id":"https:\/\/estudiocarmenbueno.com\/legal\/#breadcrumb","itemListElement":[{"@type":"ListItem","position":1,"name":"Portada","item":"https:\/\/estudiocarmenbueno.com\/"},{"@type":"ListItem","position":2,"name":"Aviso legal"}]},{"@type":"WebSite","@id":"https:\/\/estudiocarmenbueno.com\/#website","url":"https:\/\/estudiocarmenbueno.com\/","name":"Estudio Carmen Bueno","description":"","publisher":{"@id":"https:\/\/estudiocarmenbueno.com\/#organization"},"potentialAction":[{"@type":"SearchAction","target":{"@type":"EntryPoint","urlTemplate":"https:\/\/estudiocarmenbueno.com\/?s={search_term_string}"},"query-input":{"@type":"PropertyValueSpecification","valueRequired":true,"valueName":"search_term_string"}}],"inLanguage":"en-GB"},{"@type":"Organization","@id":"https:\/\/estudiocarmenbueno.com\/#organization","name":"Estudio Carmen Bueno","url":"https:\/\/estudiocarmenbueno.com\/","logo":{"@type":"ImageObject","inLanguage":"en-GB","@id":"https:\/\/estudiocarmenbueno.com\/#\/schema\/logo\/image\/","url":"https:\/\/estudiocarmenbueno.com\/wp-content\/uploads\/2020\/04\/unnamed.png","contentUrl":"https:\/\/estudiocarmenbueno.com\/wp-content\/uploads\/2020\/04\/unnamed.png","width":863,"height":114,"caption":"Estudio Carmen Bueno"},"image":{"@id":"https:\/\/estudiocarmenbueno.com\/#\/schema\/logo\/image\/"}}]}},"_links":{"self":[{"href":"https:\/\/estudiocarmenbueno.com\/en\/wp-json\/wp\/v2\/pages\/1268","targetHints":{"allow":["GET"]}}],"collection":[{"href":"https:\/\/estudiocarmenbueno.com\/en\/wp-json\/wp\/v2\/pages"}],"about":[{"href":"https:\/\/estudiocarmenbueno.com\/en\/wp-json\/wp\/v2\/types\/page"}],"author":[{"embeddable":true,"href":"https:\/\/estudiocarmenbueno.com\/en\/wp-json\/wp\/v2\/users\/2"}],"replies":[{"embeddable":true,"href":"https:\/\/estudiocarmenbueno.com\/en\/wp-json\/wp\/v2\/comments?post=1268"}],"version-history":[{"count":3,"href":"https:\/\/estudiocarmenbueno.com\/en\/wp-json\/wp\/v2\/pages\/1268\/revisions"}],"predecessor-version":[{"id":1650,"href":"https:\/\/estudiocarmenbueno.com\/en\/wp-json\/wp\/v2\/pages\/1268\/revisions\/1650"}],"wp:attachment":[{"href":"https:\/\/estudiocarmenbueno.com\/en\/wp-json\/wp\/v2\/media?parent=1268"}],"curies":[{"name":"wp","href":"https:\/\/api.w.org\/{rel}","templated":true}]}}